{"id":100,"date":"2025-01-30T13:37:37","date_gmt":"2025-01-30T12:37:37","guid":{"rendered":"https:\/\/www.niko-lindlar.de\/?page_id=100"},"modified":"2025-03-16T07:56:53","modified_gmt":"2025-03-16T06:56:53","slug":"startseite","status":"publish","type":"page","link":"https:\/\/www.experiencing-leadership.de\/","title":{"rendered":"EXPERIENCING LEADERSHIP"},"content":{"rendered":"\n<p class=\"has-text-align-left\" style=\"font-size:28px\">Um Leadership <strong>lernen <\/strong>zu k\u00f6nnen, muss man Leadership <strong>erleben<\/strong>.<\/p>\n\n\n\n<p>Man kann im Seminarraum sicher viel \u00fcber F\u00fchrungsqualit\u00e4ten lernen: Wie man eine*n Mitarbeiter*in einarbeitet bis nach und nach alle Aufgaben delegiert werden k\u00f6nnen. Wie wichtig gute und klare Kommunikation mit Mitarbeitertenden ist. Was im Seminarraum jedoch nicht gut geht: Die Verantwortung, die als F\u00fchrungskraft auf einem lastet, zu <em>sp\u00fcren<\/em>. In vielen Jahren Jugendleiter*innen-Ausbildung f\u00fcr den Deutschen Alpenverein habe ich festgestellt: Verantwortung wird <em>sp\u00fcrbar <\/em>man wenn ich &#8222;<em>in the thick of it<\/em>&#8220; bin. Wenn tats\u00e4chlich Verantwortung f\u00fcr eine Gruppe \u00fcbernommen wird, wenn andere von den eigenen Entscheidungen abh\u00e4ngig sind.<\/p>\n\n\n\n<p>Um keine Altlasten aus dem Alltag mitzunehmen geht es bei <mark style=\"background-color:rgba(0, 0, 0, 0);color:#95c8cb\" class=\"has-inline-color\"><strong>Experiencing Leadership<\/strong><\/mark> raus in die Natur um dort hautnah Leadership zu erleben. Ob <strong>Wanderung durch die Mittelgebirge<\/strong>, <strong>Skitour in den Alpen <\/strong>oder <strong>Klettern am Felsen<\/strong> &#8211; Hauptsache anders, Hauptsache drau\u00dfen!<\/p>\n\n\n\n<p>F\u00fcr weitere Informationen zu meiner Methode, <a href=\"https:\/\/www.niko-lindlar.de\/index.php\/was-ist-experiencing-leadership\/\" data-type=\"page\" data-id=\"185\">schau hier vorbei<\/a>.<\/p>\n\n\n\n<p>Meinen beruflichen Werdegang und Qualifikationen <a href=\"https:\/\/www.niko-lindlar.de\/index.php\/werbinich\/\" data-type=\"page\" data-id=\"102\">findest du hier<\/a>.<\/p>\n\n\n\n<p>Im <a href=\"https:\/\/www.niko-lindlar.de\/index.php\/blog\/\" data-type=\"page\" data-id=\"106\">Blog <\/a>teile ich in unregelm\u00e4\u00dfigen Abst\u00e4nden meine Gedanken zu Leadership, Erlebnisp\u00e4dagogik und Risikomanagement.<\/p>\n\n\n\n<p><a href=\"https:\/\/www.niko-lindlar.de\/index.php\/angebot\/\" data-type=\"page\" data-id=\"104\">Interessiert?<\/a> Schick mir gerne eine Anfrage, ich melde mich mit einem passenden Angebot!<\/p>\n","protected":false},"excerpt":{"rendered":"<p>Um Leadership lernen zu k\u00f6nnen, muss man Leadership erleben. Man kann im Seminarraum sicher viel \u00fcber F\u00fchrungsqualit\u00e4ten lernen: Wie man eine*n Mitarbeiter*in einarbeitet bis nach und nach alle Aufgaben delegiert werden k\u00f6nnen. Wie wichtig gute und klare Kommunikation mit Mitarbeitertenden ist. Was im Seminarraum jedoch nicht gut geht: Die Verantwortung, die als F\u00fchrungskraft auf einem lastet, zu sp\u00fcren. In vielen Jahren Jugendleiter*innen-Ausbildung f\u00fcr den Deutschen Alpenverein habe ich festgestellt: Verantwortung wird sp\u00fcrbar man wenn ich &#8222;in the thick of it&#8220; bin. Wenn tats\u00e4chlich Verantwortung f\u00fcr eine Gruppe \u00fcbernommen wird, wenn andere von den eigenen Entscheidungen abh\u00e4ngig sind. Um keine Altlasten aus dem Alltag mitzunehmen geht es bei Experiencing Leadership raus in die Natur um dort hautnah Leadership zu erleben. Ob Wanderung durch die Mittelgebirge, Skitour in den Alpen oder Klettern am Felsen &#8211; Hauptsache anders, Hauptsache drau\u00dfen! F\u00fcr weitere Informationen zu meiner Methode, schau hier vorbei. Meinen beruflichen Werdegang und&hellip;<\/p>\n<p> <a class=\"more-link\" href=\"https:\/\/www.experiencing-leadership.de\/\">Weiterlesen<\/a><\/p>\n","protected":false},"author":3,"featured_media":0,"parent":0,"menu_order":0,"comment_status":"closed","ping_status":"closed","template":"","meta":{"footnotes":""},"class_list":["post-100","page","type-page","status-publish"],"_links":{"self":[{"href":"https:\/\/www.experiencing-leadership.de\/index.php?rest_route=\/wp\/v2\/pages\/100","targetHints":{"allow":["GET"]}}],"collection":[{"href":"https:\/\/www.experiencing-leadership.de\/index.php?rest_route=\/wp\/v2\/pages"}],"about":[{"href":"https:\/\/www.experiencing-leadership.de\/index.php?rest_route=\/wp\/v2\/types\/page"}],"author":[{"embeddable":true,"href":"https:\/\/www.experiencing-leadership.de\/index.php?rest_route=\/wp\/v2\/users\/3"}],"replies":[{"embeddable":true,"href":"https:\/\/www.experiencing-leadership.de\/index.php?rest_route=%2Fwp%2Fv2%2Fcomments&post=100"}],"version-history":[{"count":15,"href":"https:\/\/www.experiencing-leadership.de\/index.php?rest_route=\/wp\/v2\/pages\/100\/revisions"}],"predecessor-version":[{"id":251,"href":"https:\/\/www.experiencing-leadership.de\/index.php?rest_route=\/wp\/v2\/pages\/100\/revisions\/251"}],"wp:attachment":[{"href":"https:\/\/www.experiencing-leadership.de\/index.php?rest_route=%2Fwp%2Fv2%2Fmedia&parent=100"}],"curies":[{"name":"wp","href":"https:\/\/api.w.org\/{rel}","templated":true}]}}